{"id":3,"date":"2022-07-28T07:12:42","date_gmt":"2022-07-28T07:12:42","guid":{"rendered":"https:\/\/ugai.pl\/?page_id=3"},"modified":"2026-03-18T10:46:41","modified_gmt":"2026-03-18T10:46:41","slug":"privacy-policy","status":"publish","type":"page","link":"https:\/\/ugai.pl\/index.php\/privacy-policy\/","title":{"rendered":"Privacy Policy"},"content":{"rendered":"\t\t<div data-elementor-type=\"wp-page\" data-elementor-id=\"3\" class=\"elementor elementor-3\">\n\t\t\t\t\t\t<section class=\"elementor-section elementor-top-section elementor-element elementor-element-760581c3 elementor-section-boxed elementor-section-height-default elementor-section-height-default parallax_section_no qode_elementor_container_no\" data-id=\"760581c3\" data-element_type=\"section\">\n\t\t\t\t\t\t<div class=\"elementor-container elementor-column-gap-default\">\n\t\t\t\t\t<div class=\"elementor-column elementor-col-100 elementor-top-column elementor-element elementor-element-152306f4\" data-id=\"152306f4\" data-element_type=\"column\">\n\t\t\t<div class=\"elementor-widget-wrap elementor-element-populated\">\n\t\t\t\t\t\t<div class=\"elementor-element elementor-element-685e96af elementor-widget elementor-widget-text-editor\" data-id=\"685e96af\" data-element_type=\"widget\" data-widget_type=\"text-editor.default\">\n\t\t\t\t<div class=\"elementor-widget-container\">\n\t\t\t<style>\/*! elementor - v3.23.0 - 05-08-2024 *\/\n.elementor-widget-text-editor.elementor-drop-cap-view-stacked .elementor-drop-cap{background-color:#69727d;color:#fff}.elementor-widget-text-editor.elementor-drop-cap-view-framed .elementor-drop-cap{color:#69727d;border:3px solid;background-color:transparent}.elementor-widget-text-editor:not(.elementor-drop-cap-view-default) .elementor-drop-cap{margin-top:8px}.elementor-widget-text-editor:not(.elementor-drop-cap-view-default) .elementor-drop-cap-letter{width:1em;height:1em}.elementor-widget-text-editor .elementor-drop-cap{float:left;text-align:center;line-height:1;font-size:50px}.elementor-widget-text-editor .elementor-drop-cap-letter{display:inline-block}<\/style>\t\t\t\t<p><!-- wp:heading --><\/p>\n<p><strong><img decoding=\"async\" class=\"emoji\" role=\"img\" draggable=\"false\" src=\"https:\/\/s.w.org\/images\/core\/emoji\/14.0.0\/svg\/1f4dc.svg\" alt=\"\ud83d\udcdc\" \/> Regulamin obiektu<\/strong><\/p>\n<p><strong><img decoding=\"async\" class=\"emoji\" role=\"img\" draggable=\"false\" src=\"https:\/\/s.w.org\/images\/core\/emoji\/14.0.0\/svg\/1f54a.svg\" alt=\"\ud83d\udd4a\ufe0f\" \/> Cisza nocna<\/strong><\/p>\n<ul>\n<li>Obowi\u0105zuje od <strong>22:00 do 7:00<\/strong>.<\/li>\n<li>Prosimy o poszanowanie spokoju s\u0105siad\u00f3w i przyrody.<\/li>\n<li>Starajmy si\u0119 r\u00f3wnie\u017c ogranicza\u0107 ilo\u015b\u0107 \u015bwiate\u0142 zewn\u0119trznych do niezb\u0119dnego minimum.<\/li>\n<\/ul>\n<p><strong><img decoding=\"async\" class=\"emoji\" role=\"img\" draggable=\"false\" src=\"https:\/\/s.w.org\/images\/core\/emoji\/14.0.0\/svg\/1f465.svg\" alt=\"\ud83d\udc65\" \/> Go\u015bcie zewn\u0119trzni<\/strong><\/p>\n<ul>\n<li>Wst\u0119p na teren posesji wy\u0142\u0105cznie dla os\u00f3b zg\u0142oszonych przy rezerwacji.<\/li>\n<li>Zale\u017cy nam na maksymalnej prywatno\u015bci i spokoju wszystkich naszych go\u015bci.<\/li>\n<\/ul>\n<p><strong><img decoding=\"async\" class=\"emoji\" role=\"img\" draggable=\"false\" src=\"https:\/\/s.w.org\/images\/core\/emoji\/14.0.0\/svg\/1f6ad.svg\" alt=\"\ud83d\udead\" \/> Palenie<\/strong><\/p>\n<ul>\n<li>Palenie dozwolone jest <strong>tylko na zewn\u0105trz<\/strong>, z zachowaniem ostro\u017cno\u015bci.<\/li>\n<\/ul>\n<p><strong><img decoding=\"async\" class=\"emoji\" role=\"img\" draggable=\"false\" src=\"https:\/\/s.w.org\/images\/core\/emoji\/14.0.0\/svg\/1f43e.svg\" alt=\"\ud83d\udc3e\" \/> Zwierz\u0119ta<\/strong><\/p>\n<ul>\n<li>Niestety, ze wzgl\u0119du na nasze stadko (owczarek niemiecki <em>Alfa \u2013 <\/em>bardzo przyjazna do ludzi, ale nie akceptuj\u0105ca innych ps\u00f3w na swoim terytorium) oraz dwa przygarni\u0119te kocury, <strong>ograniczyli\u015bmy mo\u017cliwo\u015b\u0107 pobytu ze zwierz\u0119tami<\/strong>.<\/li>\n<li>Nasze koty <em>Bia\u0142y Kie\u0142 <\/em>i <em>Kryszta\u0142ek<\/em> s\u0105 oswojone i ch\u0119tnie przychodz\u0105 do go\u015bci do domk\u00f3w, s\u0105 to jednak zwierz\u0119ta <strong>poluj\u0105ce i mieszkaj\u0105ce na dworze<\/strong>, dlatego po wizycie prosimy o wypuszczenie ich na zewn\u0119trz (potrafi\u0105 nie\u017ale narozrabia\u0107; mimo okresowego odrobaczania nie mo\u017cemy zagwarantowa\u0107 ich sterylno\u015bci).<\/li>\n<li>Je\u015bli jednak, w ramach indywidualnych uzgodnie\u0144, jeste\u015bcie Pa\u0144stwo ze swoim pupilem, prosimy o zachowanie ostro\u017cno\u015bci podczas wyprowadzania zwierzaka na terenie posesji (<strong>wyprowadzanie tylko na smyczy<\/strong>) oraz sprz\u0105tanie po nim.<\/li>\n<li>Go\u015bcie odpowiadaj\u0105 r\u00f3wnie\u017c za wszelkie szkody wyrz\u0105dzone przez zwierz\u0119ta w domku.<\/li>\n<\/ul>\n<p><strong><img decoding=\"async\" class=\"emoji\" role=\"img\" draggable=\"false\" src=\"https:\/\/s.w.org\/images\/core\/emoji\/14.0.0\/svg\/1f5d1.svg\" alt=\"\ud83d\uddd1\ufe0f\" \/> Segregacja odpad\u00f3w<\/strong><\/p>\n<ul>\n<li>Prosimy o <strong>segregacj\u0119 \u015bmieci<\/strong> (worki znajduj\u0105 si\u0119 w szafce pod zlewem).<\/li>\n<li>Odpady nale\u017cy segregowa\u0107 na: <strong>plastik i metale<\/strong>, <strong>szk\u0142o<\/strong>, <strong>zmieszane<\/strong>.<\/li>\n<li>Kub\u0142y znajduj\u0105 si\u0119 przy <strong>bramie wjazdowej<\/strong>.<\/li>\n<li>Prosimy o wyniesienie \u015bmieci po zako\u0144czonym pobycie.<\/li>\n<\/ul>\n<p><strong><img decoding=\"async\" class=\"emoji\" role=\"img\" draggable=\"false\" src=\"https:\/\/s.w.org\/images\/core\/emoji\/14.0.0\/svg\/1f338.svg\" alt=\"\ud83c\udf38\" \/> Inne<\/strong><\/p>\n<ul>\n<li>Prosimy o <strong>niezrywanie polnych kwiat\u00f3w<\/strong> w sezonie letnim (nie dotyczy naw\u0142oci <img decoding=\"async\" class=\"emoji\" role=\"img\" draggable=\"false\" src=\"https:\/\/s.w.org\/images\/core\/emoji\/14.0.0\/svg\/1f609.svg\" alt=\"\ud83d\ude09\" \/>) \u2013 staramy si\u0119 przywraca\u0107 bior\u00f3\u017cnorodno\u015b\u0107 poprzez usuwanie gatunk\u00f3w inwazyjnych i wysiew kwiat\u00f3w miododajnych.<\/li>\n<li>Nasadzenia oznaczone s\u0105 <strong>drewnianymi tyczkami<\/strong> \u2013 prosimy o ich nieusuwanie i nieniszczenie nasadze\u0144 (drzewa, krzewy, zio\u0142a, lawendy).<\/li>\n<li>Na terenie obiektu obowi\u0105zuje <strong>zakaz latania dronami<\/strong> ze wzgl\u0119du na prywatno\u015b\u0107 wszystkich go\u015bci \u2013 mo\u017cliwe s\u0105 wyj\u0105tki pod warunkiem uzyskania naszej zgody oraz zgody wszystkich go\u015bci<\/li>\n<\/ul>\n<p><strong><img decoding=\"async\" class=\"emoji\" role=\"img\" draggable=\"false\" src=\"https:\/\/s.w.org\/images\/core\/emoji\/14.0.0\/svg\/23f0.svg\" alt=\"\u23f0\" \/> Wykwaterowanie<\/strong><\/p>\n<ul>\n<li>Prosimy o opuszczenie domku do godziny <strong>11:00<\/strong>. Rezerwujemy sobie \u201cokienko\u201d na przygotowanie domku dla nast\u0119pnych go\u015bci.<\/li>\n<li>Przed wyjazdem:\n<ul>\n<li>Wy\u0142\u0105cz klimatyzacj\u0119 i ogrzewanie.<\/li>\n<li>Opr\u00f3\u017cnij lod\u00f3wk\u0119.<\/li>\n<li>Umyj naczynia lub w\u0142\u0105cz zmywark\u0119.<\/li>\n<li>Zamknij wszystkie okna i drzwi.<\/li>\n<li>Klucz pozostaw w drzwiach.<\/li>\n<\/ul>\n<\/li>\n<\/ul>\n<p><strong><img decoding=\"async\" class=\"emoji\" role=\"img\" draggable=\"false\" src=\"https:\/\/s.w.org\/images\/core\/emoji\/14.0.0\/svg\/1f4f9.svg\" alt=\"\ud83d\udcf9\" \/> Monitoring<\/strong><\/p>\n<ul>\n<li>Na terenie obiektu znajduj\u0105 si\u0119 dwie kamery monitoruj\u0105ce bram\u0119 i parking<\/li>\n<li>Administratorem danych jest Anna Kostrzewska Radomice 27F 59-610 Radomice; <a href=\"mailto:anna.natalia.kostrzewska@gmail.com\">anna.natalia.kostrzewska@gmail.com<\/a>; tel. +48 730 40 40 30<\/li>\n<\/ul>\n<p><strong><img decoding=\"async\" class=\"emoji\" role=\"img\" draggable=\"false\" src=\"https:\/\/s.w.org\/images\/core\/emoji\/14.0.0\/svg\/2699.svg\" alt=\"\u2699\ufe0f\" \/> Instrukcje obs\u0142ugi<\/strong><\/p>\n<p><strong><img decoding=\"async\" class=\"emoji\" role=\"img\" draggable=\"false\" src=\"https:\/\/s.w.org\/images\/core\/emoji\/14.0.0\/svg\/1f3e0.svg\" alt=\"\ud83c\udfe0\" \/> Ogrzewanie<\/strong><\/p>\n<ul>\n<li>Domek wyposa\u017cony jest w <strong>elektryczne ogrzewanie pod\u0142ogowe<\/strong>, <strong>klimatyzacj\u0119 z funkcj\u0105 grzania<\/strong> oraz <strong>kominek<\/strong>.<\/li>\n<li>Sterownik ogrzewania salonu znajduje si\u0119 <strong>w\/obok szafy wn\u0119kowej<\/strong>, a sterownik ogrzewania \u0142azienki \u2013 <strong>obok bojlera<\/strong>.<\/li>\n<li>Ustaw temperatur\u0119 na termostacie (zalecane <strong>21\u201322\u00b0C<\/strong>).<\/li>\n<li>Zamknij okna i drzwi.<\/li>\n<li>Je\u015bli wietrzycie domek, <strong>wy\u0142\u0105czcie prosz\u0119 ogrzewanie<\/strong>.<\/li>\n<\/ul>\n<p><strong><img decoding=\"async\" class=\"emoji\" role=\"img\" draggable=\"false\" src=\"https:\/\/s.w.org\/images\/core\/emoji\/14.0.0\/svg\/2744.svg\" alt=\"\u2744\ufe0f\" \/> Klimatyzacja<\/strong><\/p>\n<ul>\n<li>Urz\u0105dzenie znajduje si\u0119 nad schodami.<\/li>\n<li>Pilot znajduje si\u0119 na \u015bcianie lub w szufladzie nad koszami<\/li>\n<li>Ustaw tryb <strong>COOL<\/strong> (ch\u0142odzenie) lub <strong>HEAT<\/strong> (ogrzewanie) w zale\u017cno\u015bci od potrzeb.<\/li>\n<li>Zamknij okna i drzwi.<\/li>\n<li><strong>Uwaga:<\/strong> niedopuszczalne jest jednoczesne ch\u0142odzenie pomieszczenia klimatyzacj\u0105 (<strong>COOL<\/strong>) przy w\u0142\u0105czonym ogrzewaniu pod\u0142ogowym w salonie i\/lub \u0142azience.<\/li>\n<li><strong>Uwaga:<\/strong> prosimy o wy\u0142\u0105czanie klimatyzacji, je\u015bli opuszczacie domek \u2013 urz\u0105dzenie jest bardzo wydajne (5 kW) i w kr\u00f3tkim czasie sch\u0142odzi pomieszczenia po Waszym powrocie.<\/li>\n<li>Po zako\u0144czeniu pobytu prosimy o wy\u0142\u0105czenie urz\u0105dzenia.<\/li>\n<\/ul>\n<p><strong><img decoding=\"async\" class=\"emoji\" role=\"img\" draggable=\"false\" src=\"https:\/\/s.w.org\/images\/core\/emoji\/14.0.0\/svg\/1f37d.svg\" alt=\"\ud83c\udf7d\ufe0f\" \/> Zmywarka<\/strong><\/p>\n<ul>\n<li>Tabletki znajduj\u0105 si\u0119 w szafce pod zlewem.<\/li>\n<li>Umie\u015b\u0107 jedn\u0105 tabletk\u0119 w dozowniku.<\/li>\n<li>U\u017cywaj programu <strong>Eco<\/strong> (ok. 2 godz.) i uruchamiaj zmywark\u0119 tylko przy pe\u0142nym za\u0142adunku.<\/li>\n<li>Nie myj w zmywarce <strong>drewnianych desek<\/strong> ani <strong>no\u017cy z silikonow\u0105 lub plastikow\u0105 r\u0105czk\u0105<\/strong>.<\/li>\n<\/ul>\n<p><strong><img decoding=\"async\" class=\"emoji\" role=\"img\" draggable=\"false\" src=\"https:\/\/s.w.org\/images\/core\/emoji\/14.0.0\/svg\/1f525.svg\" alt=\"\ud83d\udd25\" \/> Kominek<\/strong><\/p>\n<ul>\n<li>W cenie pobytu dost\u0119pne jest tzw. <em>drewno startowe<\/em>, kt\u00f3re wystarcza na kilka godzin palenia.<\/li>\n<li>Dodatkowe zestawy suchego drewna li\u015bciastego z rozpa\u0142k\u0105 (ok. 8\u201310 kg) dost\u0119pne s\u0105 w cenie <strong>50 PLN<\/strong> (netto)<\/li>\n<li>Przed pierwszym rozpaleniem <strong>podgrzej komin<\/strong>, aby uzyska\u0107 ci\u0105g.<\/li>\n<li>Otw\u00f3rz maksymalnie dop\u0142ywy powietrza \u2013 podczas rozpalania mo\u017cna lekko uchyli\u0107 drzwiczki, a\u017c do uzyskania odpowiedniego p\u0142omienia. Dop\u0142ywy powietrza powinny by\u0107 w pe\u0142ni otwarte do wypalenia pierwszego za\u0142adunku.<\/li>\n<li>U\u017cywaj wy\u0142\u0105cznie <strong>suchego drewna li\u015bciastego<\/strong>.<\/li>\n<li>UWAGA: Nie zostawiaj otwartego ognia bez nadzoru, nie stawiaj przedmiot\u00f3w \u0142atwo-palnych przy kominku, <strong>uwa\u017caj na zas\u0142ony<\/strong>!<\/li>\n<\/ul>\n<p><strong><img decoding=\"async\" class=\"emoji\" role=\"img\" draggable=\"false\" src=\"https:\/\/s.w.org\/images\/core\/emoji\/14.0.0\/svg\/1f697.svg\" alt=\"\ud83d\ude97\" \/> Parking<\/strong><\/p>\n<ul>\n<li>Parking znajduje si\u0119 <strong>na wysoko\u015bci Dolnego Domku<\/strong>, po jego lewej stronie.<\/li>\n<li>Parking mie\u015bci do <strong>3 aut<\/strong>.<\/li>\n<li>Podjazd jest wymagaj\u0105cy (stromy, wysypany t\u0142uczniem), zw\u0142aszcza dla samochod\u00f3w z nap\u0119dem przednim \u2013 nale\u017cy pokonywa\u0107 go z odpowiedni\u0105 pr\u0119dko\u015bci\u0105, aby unikn\u0105\u0107 buksowania (nie dotyczy aut 4&#215;4 i z nap\u0119dem tylnym).<\/li>\n<li>Je\u015bli podjazd jest zbyt stromy, wyznaczyli\u015bmy dodatkowe miejsca parkingowe \u2013 tzw. <strong>parking zimowy<\/strong>, zaraz po wje\u017adzie przez bram\u0119, po prawej i po lewej stronie.<\/li>\n<\/ul>\n<p><strong><img decoding=\"async\" class=\"emoji\" role=\"img\" draggable=\"false\" src=\"https:\/\/s.w.org\/images\/core\/emoji\/14.0.0\/svg\/1f525.svg\" alt=\"\ud83d\udd25\" \/> <\/strong><strong>Ognisko<\/strong><\/p>\n<ul>\n<li>poni\u017cej parkingu znajduje si\u0119 miejsce na ognisko z grillem w formie tr\u00f3jnogu do dyspozycji go\u015bci;<\/li>\n<li>w czasie u\u017cytkowania zadbaj o bezpiecze\u0144stwo (m. in. przy silnym wietrze; w czasie suszy); oraz uszanuj komfort i spok\u00f3j innych go\u015bci<\/li>\n<li>nie spalaj drewna kominkowego, chrust znajduje si\u0119 obok ogniska<\/li>\n<\/ul>\n<p><strong><img decoding=\"async\" class=\"emoji\" role=\"img\" draggable=\"false\" src=\"https:\/\/s.w.org\/images\/core\/emoji\/14.0.0\/svg\/1f4a7.svg\" alt=\"\ud83d\udca7\" \/> <\/strong><strong>Woda w kranie<\/strong><\/p>\n<ul>\n<li>pochodzi ze studni g\u0142ebinowej i nie zawiera bakterii<\/li>\n<li>woda jest miekka, ale ma podwy\u017cszony poziom \u017celaza<\/li>\n<li>bojler do pogrzewania wody ustawiony jest standartowo na 40 stopni, ale okresowo automatycznie temperatura wzrasta do 60 stopni w celu dezynfekcji \u2013 prosz\u0119 uwa\u017ca\u0107, aby unikn\u0105\u0107 poparzenia<\/li>\n<\/ul>\n<p><strong><img decoding=\"async\" class=\"emoji\" role=\"img\" draggable=\"false\" src=\"https:\/\/s.w.org\/images\/core\/emoji\/14.0.0\/svg\/1f6c1.svg\" alt=\"\ud83d\udec1\" \/> Balia\/Jacuzzi<\/strong><\/p>\n<ul>\n<li>Koszt sesji to <strong>300PLN<\/strong> i obejmuje jedorazowe nagrzanie wody do temp. 38 stopni; po wykupieniu sesji go\u015bcie maj\u0105 mo\u017cliwo\u015b\u0107 korzystania z jacuzzi podczas ca\u0142ego pobytu, jednak dogrzewanie wody (we w\u0142asnym zakresie) wi\u0105\u017ce si\u0119 z konieczno\u015bci\u0105 zakupu drewna opa\u0142owego (woda wych\u0142adza si\u0119 powoli, zaleca sie u\u017cywania termo pokrywy po zako\u0144czeniu sesji)<\/li>\n<li>Dodatkowe zestawy suchego drewna li\u015bciastego z rozpa\u0142k\u0105 (ok. 8\u201310 kg) dost\u0119pne s\u0105 w cenie <strong>50 PLN<\/strong> (netto)<\/li>\n<li>Ch\u0119\u0107 skorzystania z jacuzzi nale\u017cy zg\u0142osi\u0107 z odpowiednim wyprzedzeniem bior\u0105c pod uwag\u0119 czas nape\u0142niania oraz nagrzewania wody (najlepiej dzie\u0144 przed)<\/li>\n<li>Przygotowanie jacuzzi le\u017cy po naszej stronie, jednak zastrzegamy sobie brak mo\u017cliwo\u015bci realizacji us\u0142ugi (np. z powodu choroby, nieobecno\u015bci lub du\u017cych mroz\u00f3w (poni\u017cej -4)); jest mo\u017cliwo\u015b\u0107 przygotowania jacuzzi przez go\u015bci pod warunkiem wcze\u015bniejszego uzgodnienia<\/li>\n<\/ul>\n<p>Instrukcja korzystania:<\/p>\n<ul>\n<li>Sprawd\u017a czy poziom wody <strong>zakrywa wszystkie dysze<\/strong> i jest 10cm powy\u017cej g\u00f3rnej dyszy<\/li>\n<li>(!!!) Nie u\u017cywaj chemikali\u00f3w w balii, takich <strong>jak sole k\u0105pielowe, olejki, p\u0142yny\/myd\u0142a do k\u0105pieli, szampony<\/strong>; zalecany jest prysznic przed korzystaniem z balii \u2013 z\u0142amanie tej zasady wi\u0105\u017ce si\u0119 z konieczno\u015bci\u0105 wymiany z\u0142\u00f3\u017c filtracyjnych oraz mo\u017ce powodowa\u0107 uszkodzenia element\u00f3w systemu (np. s\u00f3l wp\u0142ywa negatywnie na blach\u0119 nierdzewn\u0105 pieca) &#8211; zostanie naliczona dodatkowa op\u0142ata w wys. 200PLN i\/lub b\u0119dziemy dochodzi\u0107 pokrycia szk\u00f3d z tego wynikaj\u0105cych<\/li>\n<li>Nie u\u017cywamy chloru &#8211; balia wyposa\u017cona jest w filtr piaskowy oraz okresowo filtrowana tlenem aktywnym, kt\u00f3ry zapenia czysto\u015b\u0107 wody<\/li>\n<li>Nape\u0142nianie balii wod\u0105 trwa <strong>1,5h<\/strong> (przy ujemnych temperaturach balia jest pusta)<\/li>\n<li>Nagrzewanie wody:<\/li>\n<\/ul>\n<ul>\n<li>rozpal piec, u\u017cywaj tylko <strong>suchego drewna li\u015bciastego<\/strong>.<\/li>\n<li>monitoruj temperatur\u0119 wody i nie dopuszczaj, aby przekroczy\u0142a 45 stopni Celsjusza (zalecana temperatura u\u017cytkowania to <strong>36-38 stopni<\/strong>)<\/li>\n<li>u\u017cyj termo pokrywy, aby przyspieszy\u0107 proces nagrzewania wody.<\/li>\n<li>nagrzewanie zajmuje ok. <strong>4-5h<\/strong> (szacunek dla temp. wody od 10 do 38 stopni)<\/li>\n<\/ul>\n<ul>\n<li>System masa\u017cu:<\/li>\n<\/ul>\n<ul>\n<li>nie uruchamiaj systemu masa\u017cu bez wody zakrywaj\u0105cej dysze<\/li>\n<li>hydromasa\u017c oraz aeromasa\u017c nale\u017cy stosowa\u0107 zgodnie z zasad\u0105 <strong>20 minut pracy \/ 40 minut przerwy<\/strong>. D\u0142ugotrwa\u0142e u\u017cytkowanie bez przerw mo\u017ce prowadzi\u0107 do przegrzania pomp i uszkodzenia urz\u0105dzenia.<\/li>\n<li>Aeromasa\u017c pobiera powietrze atmosferyczne i mo\u017ce wych\u0142adza\u0107 wod\u0119 przy niskich temperaturach<\/li>\n<\/ul>\n<h2>\u00a0<\/h2>\n<h2>\u00a0<\/h2>\n<div>\n<div>\u00a0<\/div>\n<div>Polityka Prywatno\u015bci<\/div>\n<div>1. Informacje og\u00f3lne<\/div>\n<div>Niniejsza Polityka Prywatno\u015bci okre\u015bla zasady przetwarzania oraz ochrony danych osobowych u\u017cytkownik\u00f3w strony internetowej dost\u0119pnej pod adresem: https:\/\/ugai.pl.<\/div>\n<div>\u00a0<\/div>\n<div>Administratorem danych osobowych jest:<\/div>\n<div>Anna Kostrzewska<\/div>\n<div>e-mail: anna.natalia.kostrzewska@gmail.com<\/div>\n<div>\u00a0<\/div>\n<div>Administrator dok\u0142ada szczeg\u00f3lnej staranno\u015bci w celu ochrony prywatno\u015bci u\u017cytkownik\u00f3w oraz przekazywanych przez nich danych osobowych.<\/div>\n<div>\u00a0<\/div>\n<div>2. Zakres i cele przetwarzania danych<\/div>\n<div>Dane osobowe przetwarzane s\u0105 w nast\u0119puj\u0105cych celach:<\/div>\n<div>\u00a0<\/div>\n<div>\n<ul>\n<li>obs\u0142ugi komentarzy na stronie internetowej,<\/li>\n<li>zapewnienia prawid\u0142owego funkcjonowania strony,<\/li>\n<li>obs\u0142ugi kont u\u017cytkownik\u00f3w (je\u015bli funkcja rejestracji jest dost\u0119pna),<\/li>\n<li>zapewnienia bezpiecze\u0144stwa strony, w tym ochrony przed spamem,<\/li>\n<li>realizacji obowi\u0105zk\u00f3w prawnych ci\u0105\u017c\u0105cych na Administratorze.<\/li>\n<li>Podstaw\u0105 prawn\u0105 przetwarzania danych jest:<\/li>\n<li>zgoda u\u017cytkownika (art. 6 ust. 1 lit. a RODO),<\/li>\n<li>realizacja umowy lub dzia\u0142ania zmierzaj\u0105ce do jej zawarcia (art. 6 ust. 1 lit. b RODO),<\/li>\n<li>obowi\u0105zek prawny Administratora (art. 6 ust. 1 lit. c RODO),<\/li>\n<li>prawnie uzasadniony interes Administratora, w szczeg\u00f3lno\u015bci w zakresie zapewnienia bezpiecze\u0144stwa strony i ochrony przed nadu\u017cyciami (art. 6 ust. 1 lit. f RODO).<\/li>\n<li>Komentarze &#8211; w przypadku pozostawienia komentarza na stronie zbierane s\u0105 dane widoczne w formularzu komentarza, a tak\u017ce adres IP u\u017cytkownika oraz identyfikator przegl\u0105darki (tzw. user agent). Dane te s\u0105 przetwarzane w celu wykrywania i zapobiegania spamowi.<\/li>\n<li>\u00a0Zanonimizowany ci\u0105g znak\u00f3w utworzony z adresu e-mail (tzw. hash) mo\u017ce zosta\u0107 przekazany do us\u0142ugi Gravatar w celu sprawdzenia, czy u\u017cytkownik z niej korzysta. Polityka prywatno\u015bci Gravatar dost\u0119pna jest pod adresem: https:\/\/automattic.com\/privacy\/.<\/li>\n<\/ul>\n<\/div>\n<div>\n<ul>\n<li>Po zatwierdzeniu komentarza zdj\u0119cie profilowe u\u017cytkownika (je\u015bli powi\u0105zane z Gravatar) jest publicznie widoczne przy jego komentarzu.<\/li>\n<\/ul>\n<\/div>\n<div>\u00a0<\/div>\n<div>4. Media<\/div>\n<div>U\u017cytkownicy przesy\u0142aj\u0105cy obrazy na stron\u0119 powinni unika\u0107 zamieszczania plik\u00f3w zawieraj\u0105cych osadzone dane lokalizacyjne (EXIF GPS). Osoby odwiedzaj\u0105ce stron\u0119 mog\u0105 pobra\u0107 obrazy i odczyta\u0107 zawarte w nich dane lokalizacyjne.<\/div>\n<div>\u00a0<\/div>\n<div>5. Pliki cookies<\/div>\n<div>Strona korzysta z plik\u00f3w cookies (tzw. ciasteczek) w celu zapewnienia jej prawid\u0142owego dzia\u0142ania oraz poprawy komfortu u\u017cytkowania.<\/div>\n<div>\u00a0<\/div>\n<div>\n<ol>\n<li>6. Komentarze<\/li>\n<\/ol>\n<\/div>\n<div>Je\u015bli u\u017cytkownik pozostawi komentarz, mo\u017ce wyrazi\u0107 zgod\u0119 na zapisanie w plikach cookies swojego imienia, adresu e-mail oraz strony internetowej. Dane te przechowywane s\u0105 przez okres 1 roku.<\/div>\n<div>\u00a0<\/div>\n<div>7. Logowanie<\/div>\n<div>Przy wej\u015bciu na stron\u0119 logowania ustawiany jest tymczasowy plik cookie w celu sprawdzenia, czy przegl\u0105darka akceptuje pliki cookies. Nie zawiera on danych osobowych i jest usuwany po zamkni\u0119ciu przegl\u0105darki.<\/div>\n<div>\n<ul>\n<li>\u00a0Podczas logowania ustawiane s\u0105 pliki cookies przechowuj\u0105ce informacje o logowaniu (wa\u017cne 2 dni) oraz ustawienia ekranu (wa\u017cne 1 rok).<\/li>\n<li>\u00a0W przypadku zaznaczenia opcji \u201eZapami\u0119taj mnie\u201d logowanie utrzymuje si\u0119 przez 2 tygodnie.<\/li>\n<li>\u00a0Po wylogowaniu pliki cookies logowania s\u0105 usuwane.<\/li>\n<li>\u00a0W przypadku edycji lub publikacji artyku\u0142u zapisywany jest dodatkowy plik cookie zawieraj\u0105cy identyfikator wpisu \u2013 wygasa on po 1 dniu i nie zawiera danych osobowych.<\/li>\n<li>\u00a0U\u017cytkownik mo\u017ce w dowolnym momencie zmieni\u0107 ustawienia swojej przegl\u0105darki dotycz\u0105ce plik\u00f3w cookies.<\/li>\n<\/ul>\n<\/div>\n<div>\u00a0<\/div>\n<div>8. Osadzone tre\u015bci z innych stron<\/div>\n<div>Artyku\u0142y zamieszczone na stronie mog\u0105 zawiera\u0107 osadzone tre\u015bci (np. filmy, obrazy, artyku\u0142y). Osadzone tre\u015bci z innych stron dzia\u0142aj\u0105 tak, jakby u\u017cytkownik odwiedzi\u0142 bezpo\u015brednio dan\u0105 stron\u0119.<\/div>\n<div>\u00a0Zewn\u0119trzne strony mog\u0105:\u00a0<\/div>\n<div>\n<ul>\n<li>\u00a0zbiera\u0107 dane o u\u017cytkowniku,<\/li>\n<li>\u00a0stosowa\u0107 pliki cookies,<\/li>\n<\/ul>\n<\/div>\n<div>\n<ul>\n<li>\u00a0wykorzystywa\u0107 dodatkowe narz\u0119dzia \u015bledz\u0105ce,<\/li>\n<li>\u00a0monitorowa\u0107 interakcj\u0119 u\u017cytkownika z osadzon\u0105 tre\u015bci\u0105 (w tym w przypadku zalogowania do danego serwisu).<\/li>\n<\/ul>\n<\/div>\n<div>\u00a0<\/div>\n<div>9. Udost\u0119pnianie danych<\/div>\n<div>\n<ul>\n<li>Dane osobowe mog\u0105 by\u0107 przekazywane podmiotom wspieraj\u0105cym Administratora w obs\u0142udze strony, w szczeg\u00f3lno\u015bci dostawcom us\u0142ug IT oraz narz\u0119dzi do wykrywania spamu.<\/li>\n<li>\u00a0W przypadku \u017c\u0105dania resetu has\u0142a adres IP u\u017cytkownika zostaje do\u0142\u0105czony do wiadomo\u015bci e-mail s\u0142u\u017c\u0105cej do resetu.<\/li>\n<li>\u00a0Dane nie s\u0105 sprzedawane ani przekazywane podmiotom trzecim w celach marketingowych.<\/li>\n<\/ul>\n<\/div>\n<div>\u00a0<\/div>\n<div>10. Okres przechowywania danych<\/div>\n<div>\n<ul>\n<li>Komentarze oraz ich metadane przechowywane s\u0105 bezterminowo w celu automatycznego rozpoznawania i zatwierdzania kolejnych komentarzy.<\/li>\n<li>\u00a0Dane u\u017cytkownik\u00f3w zarejestrowanych (je\u015bli rejestracja jest dost\u0119pna) przechowywane s\u0105 przez czas posiadania konta.<\/li>\n<li>\u00a0Dane mog\u0105 by\u0107 przechowywane d\u0142u\u017cej, je\u015bli wymagaj\u0105 tego przepisy prawa.<\/li>\n<\/ul>\n<\/div>\n<div>\u00a0<\/div>\n<div>11. Prawa u\u017cytkownika<\/div>\n<div>Ka\u017cdej osobie, kt\u00f3rej dane dotycz\u0105, przys\u0142uguje prawo do:\u00a0<\/div>\n<ul>\n<li>dost\u0119pu do swoich danych,<\/li>\n<li>\u00a0ich sprostowania,<\/li>\n<li>\u00a0usuni\u0119cia danych (\u201eprawo do bycia zapomnianym\u201d),<\/li>\n<li>\u00a0ograniczenia przetwarzania,<\/li>\n<li>\u00a0przenoszenia danych,<\/li>\n<li>\u00a0wniesienia sprzeciwu wobec przetwarzania,<\/li>\n<li>\u00a0cofni\u0119cia zgody w dowolnym momencie (je\u017celi przetwarzanie odbywa si\u0119 na jej podstawie),<\/li>\n<li>\u00a0wniesienia skargi do Prezesa Urz\u0119du Ochrony Danych Osobowych.<\/li>\n<li>\u00a0W celu realizacji swoich praw nale\u017cy skontaktowa\u0107 si\u0119 z Administratorem drog\u0105 mailow\u0105.<\/li>\n<li>\u00a0<\/li>\n<\/ul>\n<div>12. Przekazywanie danych poza UE<\/div>\n<div>W przypadku korzystania z narz\u0119dzi zewn\u0119trznych (np. Gravatar, systemy antyspamowe) dane mog\u0105 by\u0107 przekazywane do pa\u0144stw trzecich zgodnie z mechanizmami przewidzianymi w RODO, w szczeg\u00f3lno\u015bci na podstawie standardowych klauzul umownych.<\/div>\n<div>\u00a013. Zmiany Polityki Prywatno\u015bci<\/div>\n<div>Administrator zastrzega sobie prawo do wprowadzania zmian w niniejszej Polityce Prywatno\u015bci. Aktualna wersja dokumentu jest zawsze dost\u0119pna na stronie internetowej.<\/div>\n<\/div>\n<h2>\u00a0<\/h2>\n<h2>\u00a0<\/h2>\n<h2>\u00a0<\/h2>\n<h2>\u00a0<\/h2>\n<h2>\u00a0<\/h2>\n<h2>\u00a0<\/h2>\n<p><!-- \/wp:paragraph --><\/p>\t\t\t\t\t\t<\/div>\n\t\t\t\t<\/div>\n\t\t\t\t\t<\/div>\n\t\t<\/div>\n\t\t\t\t\t<\/div>\n\t\t<\/section>\n\t\t\t\t<\/div>\n\t\t","protected":false},"excerpt":{"rendered":"<p>Regulamin obiektu Cisza nocna Obowi\u0105zuje od 22:00 do 7:00. Prosimy o poszanowanie spokoju s\u0105siad\u00f3w i przyrody. Starajmy si\u0119 r\u00f3wnie\u017c ogranicza\u0107 ilo\u015b\u0107 \u015bwiate\u0142 zewn\u0119trznych do niezb\u0119dnego minimum. Go\u015bcie zewn\u0119trzni Wst\u0119p na teren posesji wy\u0142\u0105cznie dla os\u00f3b zg\u0142oszonych przy rezerwacji. Zale\u017cy nam na maksymalnej prywatno\u015bci i spokoju&#8230;<\/p>\n","protected":false},"author":1,"featured_media":0,"parent":0,"menu_order":0,"comment_status":"closed","ping_status":"open","template":"elementor_canvas","meta":[],"_links":{"self":[{"href":"https:\/\/ugai.pl\/index.php\/wp-json\/wp\/v2\/pages\/3"}],"collection":[{"href":"https:\/\/ugai.pl\/index.php\/wp-json\/wp\/v2\/pages"}],"about":[{"href":"https:\/\/ugai.pl\/index.php\/wp-json\/wp\/v2\/types\/page"}],"author":[{"embeddable":true,"href":"https:\/\/ugai.pl\/index.php\/wp-json\/wp\/v2\/users\/1"}],"replies":[{"embeddable":true,"href":"https:\/\/ugai.pl\/index.php\/wp-json\/wp\/v2\/comments?post=3"}],"version-history":[{"count":34,"href":"https:\/\/ugai.pl\/index.php\/wp-json\/wp\/v2\/pages\/3\/revisions"}],"predecessor-version":[{"id":711,"href":"https:\/\/ugai.pl\/index.php\/wp-json\/wp\/v2\/pages\/3\/revisions\/711"}],"wp:attachment":[{"href":"https:\/\/ugai.pl\/index.php\/wp-json\/wp\/v2\/media?parent=3"}],"curies":[{"name":"wp","href":"https:\/\/api.w.org\/{rel}","templated":true}]}}